{"id":273,"date":"2024-08-22T11:02:17","date_gmt":"2024-08-22T11:02:17","guid":{"rendered":"https:\/\/peronmedya.com\/storyapi\/?page_id=273"},"modified":"2024-12-23T13:00:27","modified_gmt":"2024-12-23T13:00:27","slug":"otomatik-kollu-bariyer-sistemleri","status":"publish","type":"page","link":"https:\/\/peronmedya.com\/storyapi\/otomatik-kollu-bariyer-sistemleri\/","title":{"rendered":"Otomatik Kollu Bariyer Sistemleri"},"content":{"rendered":"\t\t<div data-elementor-type=\"wp-page\" data-elementor-id=\"273\" class=\"elementor elementor-273\" data-elementor-post-type=\"page\">\n\t\t\t\t<div class=\"elementor-element elementor-element-b086148 e-flex e-con-boxed e-con e-parent\" data-id=\"b086148\" data-element_type=\"container\" data-settings=\"{&quot;background_background&quot;:&quot;classic&quot;}\">\n\t\t\t\t\t<div class=\"e-con-inner\">\n\t\t\t\t<div class=\"elementor-element elementor-element-36e23aa9 elementor-widget elementor-widget-text-editor\" data-id=\"36e23aa9\" data-element_type=\"widget\" data-widget_type=\"text-editor.default\">\n\t\t\t\t<div class=\"elementor-widget-container\">\n\t\t\t\t\t\t\t\t\t\u00dcr\u00fcnlerimiz &gt; Otomatik Kollu Bariyer Sistemleri\t\t\t\t\t\t\t\t<\/div>\n\t\t\t\t<\/div>\n\t\t\t\t\t<\/div>\n\t\t\t\t<\/div>\n\t\t<div class=\"elementor-element elementor-element-3e81bbf e-flex e-con-boxed e-con e-parent\" data-id=\"3e81bbf\" data-element_type=\"container\">\n\t\t\t\t\t<div class=\"e-con-inner\">\n\t\t\t\t<div class=\"elementor-element elementor-element-0c5eb82 elementor-widget elementor-widget-text-editor\" data-id=\"0c5eb82\" data-element_type=\"widget\" data-widget_type=\"text-editor.default\">\n\t\t\t\t<div class=\"elementor-widget-container\">\n\t\t\t\t\t\t\t\t\t<div class=\"elementor-element elementor-element-4349b7e elementor-widget elementor-widget-text-editor\" data-id=\"4349b7e\" data-element_type=\"widget\" data-widget_type=\"text-editor.default\"><div class=\"elementor-widget-container\"><p>Axstor Yap\u0131 Sistemleri, otomatik Kollu bariyer ihtiya\u00e7lar\u0131n\u0131z\u0131 yerinde tespit ederek d\u00fcnyaca \u00fcnl\u00fc markalar\u0131n en do\u011fru ve en uygun \u00fcr\u00fcnleriyle ihtiya\u00e7lar\u0131n\u0131za \u00e7\u00f6z\u00fcmler \u00fcretiyor. Konutlar, siteler, \u00f6zel m\u00fclkler, end\u00fcstriyel tesisler, otopark giri\u015fleri ve \u00e7\u0131k\u0131\u015flar\u0131 i\u00e7in kullan\u0131m yo\u011funlu\u011funa uygun 3 ila 8 metre uzunlu\u011funda kollu bariyer kitleri, \u00e7itli bariyer sistemleri, giri\u015f ve \u00e7\u0131k\u0131\u015flar i\u00e7in HGS RFID etiketlere,\u00a0 plaka okuma sistemlerine ya da k\u00fctle dedekt\u00f6rlerine entegre bariyerler, birden fazla sistem i\u00e7in senkronize \u00e7al\u0131\u015fabilir bariyerler; bu \u00fcr\u00fcnlerin montajlar\u0131, onlar\u0131m ve rutin bak\u0131mlar\u0131 sizlere sundu\u011fumuz hizmetlerimiz aras\u0131ndad\u0131r.<\/p><\/div><\/div>\t\t\t\t\t\t\t\t<\/div>\n\t\t\t\t<\/div>\n\t\t\t\t<div class=\"elementor-element elementor-element-b2fefe0 elementor-widget elementor-widget-theme-post-featured-image elementor-widget-image\" data-id=\"b2fefe0\" data-element_type=\"widget\" data-widget_type=\"theme-post-featured-image.default\">\n\t\t\t\t<div class=\"elementor-widget-container\">\n\t\t\t\t\t\t\t\t\t\t\t\t\t\t\t<img fetchpriority=\"high\" decoding=\"async\" width=\"800\" height=\"460\" src=\"https:\/\/peronmedya.com\/storyapi\/wp-content\/uploads\/2024\/08\/otomatik-bariyer-cover_1-1024x589.jpg\" class=\"attachment-large size-large wp-image-199\" alt=\"\" srcset=\"https:\/\/peronmedya.com\/storyapi\/wp-content\/uploads\/2024\/08\/otomatik-bariyer-cover_1-1024x589.jpg 1024w, https:\/\/peronmedya.com\/storyapi\/wp-content\/uploads\/2024\/08\/otomatik-bariyer-cover_1-300x173.jpg 300w, https:\/\/peronmedya.com\/storyapi\/wp-content\/uploads\/2024\/08\/otomatik-bariyer-cover_1-768x442.jpg 768w, https:\/\/peronmedya.com\/storyapi\/wp-content\/uploads\/2024\/08\/otomatik-bariyer-cover_1-600x345.jpg 600w, https:\/\/peronmedya.com\/storyapi\/wp-content\/uploads\/2024\/08\/otomatik-bariyer-cover_1.jpg 1080w\" sizes=\"(max-width: 800px) 100vw, 800px\" \/>\t\t\t\t\t\t\t\t\t\t\t\t\t\t\t<\/div>\n\t\t\t\t<\/div>\n\t\t\t\t\t<\/div>\n\t\t\t\t<\/div>\n\t\t<div class=\"elementor-element elementor-element-0bcc075 e-flex e-con-boxed e-con e-parent\" data-id=\"0bcc075\" data-element_type=\"container\">\n\t\t\t\t\t<div class=\"e-con-inner\">\n\t\t<div class=\"elementor-element elementor-element-1f1480e e-con-full e-flex e-con e-child\" data-id=\"1f1480e\" data-element_type=\"container\">\n\t\t\t\t<div class=\"elementor-element elementor-element-32ee184 e-transform elementor-invisible elementor-widget elementor-widget-image\" data-id=\"32ee184\" data-element_type=\"widget\" data-settings=\"{&quot;_animation&quot;:&quot;fadeIn&quot;,&quot;_transform_scale_effect&quot;:{&quot;unit&quot;:&quot;px&quot;,&quot;size&quot;:0.6999999999999999555910790149937383830547332763671875,&quot;sizes&quot;:[]},&quot;_animation_mobile&quot;:&quot;fadeInLeft&quot;,&quot;_transform_scale_effect_tablet&quot;:{&quot;unit&quot;:&quot;px&quot;,&quot;size&quot;:&quot;&quot;,&quot;sizes&quot;:[]},&quot;_transform_scale_effect_mobile&quot;:{&quot;unit&quot;:&quot;px&quot;,&quot;size&quot;:&quot;&quot;,&quot;sizes&quot;:[]}}\" data-widget_type=\"image.default\">\n\t\t\t\t<div class=\"elementor-widget-container\">\n\t\t\t\t\t\t\t\t\t\t\t\t\t\t\t<img decoding=\"async\" width=\"150\" height=\"150\" src=\"https:\/\/peronmedya.com\/storyapi\/wp-content\/uploads\/2024\/11\/R-tec-Logo-150x150.jpg\" class=\"attachment-thumbnail size-thumbnail wp-image-6504\" alt=\"\" srcset=\"https:\/\/peronmedya.com\/storyapi\/wp-content\/uploads\/2024\/11\/R-tec-Logo-150x150.jpg 150w, https:\/\/peronmedya.com\/storyapi\/wp-content\/uploads\/2024\/11\/R-tec-Logo.jpg 200w\" sizes=\"(max-width: 150px) 100vw, 150px\" \/>\t\t\t\t\t\t\t\t\t\t\t\t\t\t\t<\/div>\n\t\t\t\t<\/div>\n\t\t\t\t<\/div>\n\t\t<div class=\"elementor-element elementor-element-e378479 e-con-full e-flex e-con e-child\" data-id=\"e378479\" data-element_type=\"container\">\n\t\t\t\t<div class=\"elementor-element elementor-element-42bb6b2 e-transform elementor-invisible elementor-widget elementor-widget-image\" data-id=\"42bb6b2\" data-element_type=\"widget\" data-settings=\"{&quot;_animation&quot;:&quot;fadeIn&quot;,&quot;_transform_scale_effect&quot;:{&quot;unit&quot;:&quot;px&quot;,&quot;size&quot;:0.6999999999999999555910790149937383830547332763671875,&quot;sizes&quot;:[]},&quot;_animation_mobile&quot;:&quot;bounceInRight&quot;,&quot;_transform_scale_effect_tablet&quot;:{&quot;unit&quot;:&quot;px&quot;,&quot;size&quot;:&quot;&quot;,&quot;sizes&quot;:[]},&quot;_transform_scale_effect_mobile&quot;:{&quot;unit&quot;:&quot;px&quot;,&quot;size&quot;:&quot;&quot;,&quot;sizes&quot;:[]}}\" data-widget_type=\"image.default\">\n\t\t\t\t<div class=\"elementor-widget-container\">\n\t\t\t\t\t\t\t\t\t\t\t\t\t\t\t<img decoding=\"async\" width=\"150\" height=\"150\" src=\"https:\/\/peronmedya.com\/storyapi\/wp-content\/uploads\/2024\/11\/BFT-Logo-150x150.jpg\" class=\"attachment-thumbnail size-thumbnail wp-image-6505\" alt=\"\" srcset=\"https:\/\/peronmedya.com\/storyapi\/wp-content\/uploads\/2024\/11\/BFT-Logo-150x150.jpg 150w, https:\/\/peronmedya.com\/storyapi\/wp-content\/uploads\/2024\/11\/BFT-Logo.jpg 200w\" sizes=\"(max-width: 150px) 100vw, 150px\" \/>\t\t\t\t\t\t\t\t\t\t\t\t\t\t\t<\/div>\n\t\t\t\t<\/div>\n\t\t\t\t<\/div>\n\t\t<div class=\"elementor-element elementor-element-9dad967 e-con-full e-flex e-con e-child\" data-id=\"9dad967\" data-element_type=\"container\">\n\t\t\t\t<div class=\"elementor-element elementor-element-8e552aa e-transform elementor-invisible elementor-widget elementor-widget-image\" data-id=\"8e552aa\" data-element_type=\"widget\" data-settings=\"{&quot;_animation&quot;:&quot;fadeIn&quot;,&quot;_transform_scale_effect&quot;:{&quot;unit&quot;:&quot;px&quot;,&quot;size&quot;:0.6999999999999999555910790149937383830547332763671875,&quot;sizes&quot;:[]},&quot;_animation_mobile&quot;:&quot;bounceInLeft&quot;,&quot;_transform_scale_effect_tablet&quot;:{&quot;unit&quot;:&quot;px&quot;,&quot;size&quot;:&quot;&quot;,&quot;sizes&quot;:[]},&quot;_transform_scale_effect_mobile&quot;:{&quot;unit&quot;:&quot;px&quot;,&quot;size&quot;:&quot;&quot;,&quot;sizes&quot;:[]}}\" data-widget_type=\"image.default\">\n\t\t\t\t<div class=\"elementor-widget-container\">\n\t\t\t\t\t\t\t\t\t\t\t\t\t\t\t<img loading=\"lazy\" decoding=\"async\" width=\"150\" height=\"150\" src=\"https:\/\/peronmedya.com\/storyapi\/wp-content\/uploads\/2024\/11\/Nice-Logo-150x150.jpg\" class=\"attachment-thumbnail size-thumbnail wp-image-6506\" alt=\"\" srcset=\"https:\/\/peronmedya.com\/storyapi\/wp-content\/uploads\/2024\/11\/Nice-Logo-150x150.jpg 150w, https:\/\/peronmedya.com\/storyapi\/wp-content\/uploads\/2024\/11\/Nice-Logo.jpg 200w\" sizes=\"(max-width: 150px) 100vw, 150px\" \/>\t\t\t\t\t\t\t\t\t\t\t\t\t\t\t<\/div>\n\t\t\t\t<\/div>\n\t\t\t\t<\/div>\n\t\t\t\t\t<\/div>\n\t\t\t\t<\/div>\n\t\t<div class=\"elementor-element elementor-element-8771279 e-flex e-con-boxed e-con e-parent\" data-id=\"8771279\" data-element_type=\"container\">\n\t\t\t\t\t<div class=\"e-con-inner\">\n\t\t\t\t<div class=\"elementor-element elementor-element-d1ba418 elementor-widget elementor-widget-image\" data-id=\"d1ba418\" data-element_type=\"widget\" data-widget_type=\"image.default\">\n\t\t\t\t<div class=\"elementor-widget-container\">\n\t\t\t\t\t\t\t\t\t\t\t\t\t\t\t\t<a href=\"https:\/\/peronmedya.com\/storyapi\/wp-content\/uploads\/2024\/08\/otomatik-bariyerler-005.jpg\" data-elementor-open-lightbox=\"yes\" data-elementor-lightbox-title=\"otomatik-bariyerler-005\" data-e-action-hash=\"#elementor-action%3Aaction%3Dlightbox%26settings%3DeyJpZCI6Mjc1LCJ1cmwiOiJodHRwczpcL1wvcGVyb25tZWR5YS5jb21cL3N0b3J5YXBpXC93cC1jb250ZW50XC91cGxvYWRzXC8yMDI0XC8wOFwvb3RvbWF0aWstYmFyaXllcmxlci0wMDUuanBnIn0%3D\">\n\t\t\t\t\t\t\t<img loading=\"lazy\" decoding=\"async\" width=\"730\" height=\"331\" src=\"https:\/\/peronmedya.com\/storyapi\/wp-content\/uploads\/2024\/08\/otomatik-bariyerler-005.jpg\" class=\"attachment-large size-large wp-image-275\" alt=\"\" srcset=\"https:\/\/peronmedya.com\/storyapi\/wp-content\/uploads\/2024\/08\/otomatik-bariyerler-005.jpg 730w, https:\/\/peronmedya.com\/storyapi\/wp-content\/uploads\/2024\/08\/otomatik-bariyerler-005-300x136.jpg 300w, https:\/\/peronmedya.com\/storyapi\/wp-content\/uploads\/2024\/08\/otomatik-bariyerler-005-600x272.jpg 600w\" sizes=\"(max-width: 730px) 100vw, 730px\" \/>\t\t\t\t\t\t\t\t<\/a>\n\t\t\t\t\t\t\t\t\t\t\t\t\t\t\t<\/div>\n\t\t\t\t<\/div>\n\t\t\t\t<div class=\"elementor-element elementor-element-1c1e0ae elementor-widget elementor-widget-image\" data-id=\"1c1e0ae\" data-element_type=\"widget\" data-widget_type=\"image.default\">\n\t\t\t\t<div class=\"elementor-widget-container\">\n\t\t\t\t\t\t\t\t\t\t\t\t\t\t\t\t<a href=\"https:\/\/peronmedya.com\/storyapi\/wp-content\/uploads\/2024\/08\/otomatik-bariyerler-003.jpg\" data-elementor-open-lightbox=\"yes\" data-elementor-lightbox-title=\"otomatik-bariyerler-003\" data-e-action-hash=\"#elementor-action%3Aaction%3Dlightbox%26settings%3DeyJpZCI6Mjc2LCJ1cmwiOiJodHRwczpcL1wvcGVyb25tZWR5YS5jb21cL3N0b3J5YXBpXC93cC1jb250ZW50XC91cGxvYWRzXC8yMDI0XC8wOFwvb3RvbWF0aWstYmFyaXllcmxlci0wMDMuanBnIn0%3D\">\n\t\t\t\t\t\t\t<img loading=\"lazy\" decoding=\"async\" width=\"730\" height=\"331\" src=\"https:\/\/peronmedya.com\/storyapi\/wp-content\/uploads\/2024\/08\/otomatik-bariyerler-003.jpg\" class=\"attachment-large size-large wp-image-276\" alt=\"\" srcset=\"https:\/\/peronmedya.com\/storyapi\/wp-content\/uploads\/2024\/08\/otomatik-bariyerler-003.jpg 730w, https:\/\/peronmedya.com\/storyapi\/wp-content\/uploads\/2024\/08\/otomatik-bariyerler-003-300x136.jpg 300w, https:\/\/peronmedya.com\/storyapi\/wp-content\/uploads\/2024\/08\/otomatik-bariyerler-003-600x272.jpg 600w\" sizes=\"(max-width: 730px) 100vw, 730px\" \/>\t\t\t\t\t\t\t\t<\/a>\n\t\t\t\t\t\t\t\t\t\t\t\t\t\t\t<\/div>\n\t\t\t\t<\/div>\n\t\t\t\t\t<\/div>\n\t\t\t\t<\/div>\n\t\t\t\t<\/div>\n\t\t","protected":false},"excerpt":{"rendered":"<p>Axstor Yap\u0131 Sistemleri, otomatik Kollu bariyer ihtiya\u00e7lar\u0131n\u0131z\u0131 yerinde tespit ederek d\u00fcnyaca \u00fcnl\u00fc markalar\u0131n en do\u011fru ve en uygun \u00fcr\u00fcnleriyle ihtiya\u00e7lar\u0131n\u0131za \u00e7\u00f6z\u00fcmler \u00fcretiyor. Konutlar, siteler, \u00f6zel m\u00fclkler, end\u00fcstriyel tesisler, otopark giri\u015fleri ve \u00e7\u0131k\u0131\u015flar\u0131 i\u00e7in kullan\u0131m yo\u011funlu\u011funa uygun 3 ila 8 metre uzunlu\u011funda kollu bariyer kitleri, \u00e7itli bariyer sistemleri, giri\u015f ve \u00e7\u0131k\u0131\u015flar i\u00e7in HGS RFID etiketlere,\u00a0 plaka [&hellip;]<\/p>\n","protected":false},"author":1,"featured_media":199,"parent":0,"menu_order":0,"comment_status":"closed","ping_status":"closed","template":"elementor_header_footer","meta":{"footnotes":""},"class_list":["post-273","page","type-page","status-publish","has-post-thumbnail","hentry"],"_links":{"self":[{"href":"https:\/\/peronmedya.com\/storyapi\/wp-json\/wp\/v2\/pages\/273","targetHints":{"allow":["GET"]}}],"collection":[{"href":"https:\/\/peronmedya.com\/storyapi\/wp-json\/wp\/v2\/pages"}],"about":[{"href":"https:\/\/peronmedya.com\/storyapi\/wp-json\/wp\/v2\/types\/page"}],"author":[{"embeddable":true,"href":"https:\/\/peronmedya.com\/storyapi\/wp-json\/wp\/v2\/users\/1"}],"replies":[{"embeddable":true,"href":"https:\/\/peronmedya.com\/storyapi\/wp-json\/wp\/v2\/comments?post=273"}],"version-history":[{"count":25,"href":"https:\/\/peronmedya.com\/storyapi\/wp-json\/wp\/v2\/pages\/273\/revisions"}],"predecessor-version":[{"id":7311,"href":"https:\/\/peronmedya.com\/storyapi\/wp-json\/wp\/v2\/pages\/273\/revisions\/7311"}],"wp:featuredmedia":[{"embeddable":true,"href":"https:\/\/peronmedya.com\/storyapi\/wp-json\/wp\/v2\/media\/199"}],"wp:attachment":[{"href":"https:\/\/peronmedya.com\/storyapi\/wp-json\/wp\/v2\/media?parent=273"}],"curies":[{"name":"wp","href":"https:\/\/api.w.org\/{rel}","templated":true}]}}